{"id":717,"date":"2022-10-18T10:54:33","date_gmt":"2022-10-18T08:54:33","guid":{"rendered":"http:\/\/www.life-systeme.com\/index.php\/sistema-life\/"},"modified":"2023-07-03T11:59:00","modified_gmt":"2023-07-03T09:59:00","slug":"sistema-life","status":"publish","type":"page","link":"https:\/\/www.life-systeme.com\/it\/sistema-life\/","title":{"rendered":"Sistema LIFE"},"content":{"rendered":"","protected":false},"excerpt":{"rendered":"<p>Il sistema LIFE esegue un test di biofeedback analizzando oltre 8.000 parametri dell&#8217;impronta digitale.<br \/>\nFornisce un risultato completo in grado di rilevare anche i pi\u00f9 piccoli fattori che possono alterare l&#8217;equilibrio naturale dell&#8217;organismo.<\/p>\n","protected":false},"author":1,"featured_media":507,"parent":0,"menu_order":0,"comment_status":"open","ping_status":"closed","template":"","meta":{"footnotes":""},"class_list":["post-717","page","type-page","status-publish","has-post-thumbnail","hentry"],"jetpack-related-posts":[{"id":1222,"url":"https:\/\/www.life-systeme.com\/it\/dimostrazione-di-una-sessione-di-biorisonanza-con-il-sistema-life\/","url_meta":{"origin":717,"position":0},"title":"Dimostrazione di una sessione di biorisonanza con il Sistema LIFE","author":"Christophe","date":"21 Giugno 2023","format":false,"excerpt":"","rel":"","context":"Articolo simile","block_context":{"text":"Articolo simile","link":""},"img":{"alt_text":"","src":"","width":0,"height":0},"classes":[]},{"id":715,"url":"https:\/\/www.life-systeme.com\/es\/sistema-life\/","url_meta":{"origin":717,"position":1},"title":"Sistema LIFE","author":"Christophe","date":"18 Ottobre 2022","format":false,"excerpt":"El sistema LIFE realiza una prueba de biorretroalimentaci\u00f3n analizando m\u00e1s de 8.000 par\u00e1metros de la biohuella dactilar. Proporciona un resultado de an\u00e1lisis completo que puede detectar incluso los factores m\u00e1s peque\u00f1os que pueden alterar el equilibrio natural del organismo.","rel":"","context":"Articolo simile","block_context":{"text":"Articolo simile","link":""},"img":{"alt_text":"Appareil de bior\u00e9sonance LIFE System","src":"https:\/\/i0.wp.com\/www.life-systeme.com\/wp-content\/uploads\/2023\/05\/Life-system-bioresonance-1.webp?resize=350%2C200&ssl=1","width":350,"height":200,"srcset":"https:\/\/i0.wp.com\/www.life-systeme.com\/wp-content\/uploads\/2023\/05\/Life-system-bioresonance-1.webp?resize=350%2C200&ssl=1 1x, https:\/\/i0.wp.com\/www.life-systeme.com\/wp-content\/uploads\/2023\/05\/Life-system-bioresonance-1.webp?resize=525%2C300&ssl=1 1.5x, https:\/\/i0.wp.com\/www.life-systeme.com\/wp-content\/uploads\/2023\/05\/Life-system-bioresonance-1.webp?resize=700%2C400&ssl=1 2x"},"classes":[]},{"id":1454,"url":"https:\/\/www.life-systeme.com\/es\/accesorios-y-software-del-sistema-life\/","url_meta":{"origin":717,"position":2},"title":"Accesorios y software del sistema LIFE","author":"Christophe","date":"12 Giugno 2023","format":false,"excerpt":"","rel":"","context":"Articolo simile","block_context":{"text":"Articolo simile","link":""},"img":{"alt_text":"","src":"","width":0,"height":0},"classes":[]},{"id":1453,"url":"https:\/\/www.life-systeme.com\/it\/accessori-e-software-del-sistema-life\/","url_meta":{"origin":717,"position":3},"title":"Accessori e software del sistema LIFE","author":"Christophe","date":"12 Giugno 2023","format":false,"excerpt":"","rel":"","context":"Articolo simile","block_context":{"text":"Articolo simile","link":""},"img":{"alt_text":"","src":"","width":0,"height":0},"classes":[]},{"id":1215,"url":"https:\/\/www.life-systeme.com\/it\/centro-di-biorisonanza\/","url_meta":{"origin":717,"position":4},"title":"Centro di biorisonanza","author":"Christophe","date":"21 Giugno 2023","format":false,"excerpt":"","rel":"","context":"Articolo simile","block_context":{"text":"Articolo simile","link":""},"img":{"alt_text":"","src":"","width":0,"height":0},"classes":[]},{"id":1437,"url":"https:\/\/www.life-systeme.com\/it\/equilibratore-di-energia-armonica\/","url_meta":{"origin":717,"position":5},"title":"Equilibratore di energia armonica","author":"Christophe","date":"6 Giugno 2023","format":false,"excerpt":"","rel":"","context":"Articolo simile","block_context":{"text":"Articolo simile","link":""},"img":{"alt_text":"","src":"","width":0,"height":0},"classes":[]}],"jetpack_sharing_enabled":true,"_links":{"self":[{"href":"https:\/\/www.life-systeme.com\/it\/wp-json\/wp\/v2\/pages\/717","targetHints":{"allow":["GET"]}}],"collection":[{"href":"https:\/\/www.life-systeme.com\/it\/wp-json\/wp\/v2\/pages"}],"about":[{"href":"https:\/\/www.life-systeme.com\/it\/wp-json\/wp\/v2\/types\/page"}],"author":[{"embeddable":true,"href":"https:\/\/www.life-systeme.com\/it\/wp-json\/wp\/v2\/users\/1"}],"replies":[{"embeddable":true,"href":"https:\/\/www.life-systeme.com\/it\/wp-json\/wp\/v2\/comments?post=717"}],"version-history":[{"count":1,"href":"https:\/\/www.life-systeme.com\/it\/wp-json\/wp\/v2\/pages\/717\/revisions"}],"predecessor-version":[{"id":1347,"href":"https:\/\/www.life-systeme.com\/it\/wp-json\/wp\/v2\/pages\/717\/revisions\/1347"}],"wp:featuredmedia":[{"embeddable":true,"href":"https:\/\/www.life-systeme.com\/it\/wp-json\/wp\/v2\/media\/507"}],"wp:attachment":[{"href":"https:\/\/www.life-systeme.com\/it\/wp-json\/wp\/v2\/media?parent=717"}],"curies":[{"name":"wp","href":"https:\/\/api.w.org\/{rel}","templated":true}]}}