{"id":1521,"date":"2023-05-24T11:43:42","date_gmt":"2023-05-24T09:43:42","guid":{"rendered":"https:\/\/www.life-systeme.com\/scheda\/"},"modified":"2023-05-24T11:43:42","modified_gmt":"2023-05-24T09:43:42","slug":"scheda","status":"publish","type":"page","link":"https:\/\/www.life-systeme.com\/it\/scheda\/","title":{"rendered":"Scheda"},"content":{"rendered":"\r\n            \r\n            \r\n            \r\n            <a name='map1'><\/a>\r\n            \r\n            \r\n            <div class=\"wpgmza-store-locator wpgmza_sl_main_div\" data-id=\"1\">\r\n\t<div class=\"wpgmza-address-container wpgmza-form-field wpgmza_sl_query_div\">\r\n\t\t<label class=\"wpgmza-address wpgmza-form-field__label wpgmza-form-field__label--float\" data-name=\"addressLabel\" for=\"addressInput_1\">ZIP \/ Address:<\/label>\r\n\t\t<input class=\"wpgmza-address addressInput\" type=\"text\" placeholder=\"Enter a location\" autocomplete=\"off\" data-name=\"defaultAddress\" value=\"\" id=\"addressInput_1\" size=\"20\" aria-label=\"ZIP \/ Address:\">\r\n\t<\/div>\r\n\t\r\n\t<div class=\"wpgmza-radius-container wpgmza-form-field wpgmza_sl_radius_div wpgmza-clearfix\">\r\n\t\t<label class=\"wpgmza-radius wpgmza-form-field__label wpgmza-form-field__label--float\" for=\"radiusSelect_1\">\r\n\t\t\tRadius:\t\t<\/label>\r\n\t\t<select class=\"wpgmza-radius wpgmza-form-field__input wpgmza_sl_radius_select\" id=\"radiusSelect_1\" aria-label=\"Radius:\"><option class=\"wpgmza-radius wpgmza_sl_select_option\" value=\"1\">1km<\/option><option class=\"wpgmza-radius wpgmza_sl_select_option\" value=\"5\">5km<\/option><option class=\"wpgmza-radius wpgmza_sl_select_option\" value=\"10\" selected>10km<\/option><option class=\"wpgmza-radius wpgmza_sl_select_option\" value=\"25\">25km<\/option><option class=\"wpgmza-radius wpgmza_sl_select_option\" value=\"50\">50km<\/option><option class=\"wpgmza-radius wpgmza_sl_select_option\" value=\"75\">75km<\/option><option class=\"wpgmza-radius wpgmza_sl_select_option\" value=\"100\">100km<\/option><option class=\"wpgmza-radius wpgmza_sl_select_option\" value=\"150\">150km<\/option><option class=\"wpgmza-radius wpgmza_sl_select_option\" value=\"200\">200km<\/option><option class=\"wpgmza-radius wpgmza_sl_select_option\" value=\"300\">300km<\/option><\/select>\r\n\t<\/div>\r\n\t\r\n\t<div class=\"wpgmza-search wpgmza_sl_search_button_div\"><input class=\"wpgmza-search wpgmza_sl_search_button_1\" value=\"Search\" type=\"button\" onclick=\"searchLocations(1)\" mid=\"1\"><\/div>\r\n\t\r\n\t<div class=\"wpgmza-reset wpgmza_sl_reset_button_div\">\n\t<input class=\"wpgmza-reset wpgmza_sl_reset_button_1\" type=\"button\" value=\"Reset\" mid=\"1\" onclick=\"resetLocations(1)\">\n<\/div><div class=\"wpgmza-no-results wpgmza-not-found-msg js-not-found-msg\" style=\"display: none;\">\r\n\t\t<p data-name=\"notFoundMessage\">No results found in this location. Please try again.<\/p>\r\n\t<\/div>\r\n<\/div>\r\n            \r\n            <div class=\"wpgmza_map \"  id=\"wpgmza_map_1\" style=\"display:block; overflow:auto; width:100%; height:800px; float:left;\" data-settings='{\"id\":\"1\",\"map_title\":\"Quantaform International\",\"map_width\":\"100\",\"map_height\":\"800\",\"map_start_lat\":\"45.85777000000001\",\"map_start_lng\":\"6.204621999999982\",\"map_start_location\":\"45.950464398418106,-109.81550500000003\",\"map_start_zoom\":\"5\",\"default_marker\":\"\",\"type\":\"1\",\"alignment\":\"4\",\"directions_enabled\":\"0\",\"styling_enabled\":\"0\",\"styling_json\":\"\",\"active\":\"0\",\"kml\":\"\",\"bicycle\":\"0\",\"traffic\":\"0\",\"dbox\":\"1\",\"dbox_width\":\"100\",\"listmarkers\":\"0\",\"listmarkers_advanced\":\"0\",\"filterbycat\":\"0\",\"ugm_enabled\":\"0\",\"ugm_category_enabled\":\"0\",\"fusion\":\"\",\"map_width_type\":\"%\",\"map_height_type\":\"px\",\"mass_marker_support\":\"0\",\"ugm_access\":\"0\",\"order_markers_by\":\"1\",\"order_markers_choice\":\"1\",\"show_user_location\":\"0\",\"default_to\":\"\",\"other_settings\":{\"map_type\":1,\"sl_stroke_color\":\"#055bb8\",\"sl_fill_color\":\"#1c9bfd\",\"sl_stroke_opacity\":\"1\",\"sl_fill_opacity\":\"0.2\",\"transport_layer\":false,\"action\":\"wpgmza_save_map\",\"redirect_to\":\"\\\/wp-admin\\\/admin-post.php\",\"map_id\":\"1\",\"http_referer\":\"\\\/lc56511-ovh\\\/wp-admin\\\/admin.php?page=wp-google-maps-menu&amp;amp;action=edit&amp;amp;map_id=1\",\"wpgmza_id\":\"1\",\"wpgmza_start_location\":\"45.85777000000001,6.204621999999982\",\"wpgmza_start_zoom\":\"5\",\"wpgmza_theme_data\":\"\",\"wpgmza_dbox_width_type\":\"%\",\"default_from\":\"\",\"directions_behaviour\":\"default\",\"force_google_directions_app\":false,\"directions_route_origin_icon\":\"http:\\\/\\\/www.life-systeme.com\\\/wp-content\\\/plugins\\\/wp-google-maps\\\/images\\\/spotlight-poi3.png\",\"directions_origin_retina\":false,\"directions_route_destination_icon\":\"http:\\\/\\\/www.life-systeme.com\\\/wp-content\\\/plugins\\\/wp-google-maps\\\/images\\\/spotlight-poi3.png\",\"directions_destination_retina\":false,\"directions_route_stroke_color\":\"#4f8df5\",\"directions_route_stroke_weight\":\"4\",\"directions_route_stroke_opacity\":\"0.8\",\"directions_fit_bounds_to_route\":false,\"store_locator_enabled\":true,\"store_locator_search_area\":\"radial\",\"wpgmza_store_locator_radius_style\":\"legacy\",\"wpgmza_store_locator_default_radius\":\"200\",\"store_locator_auto_area_max_zoom\":\"\",\"wpgmza_store_locator_restrict\":\"\",\"store_locator_distance\":false,\"wpgmza_store_locator_position\":false,\"store_locator_show_distance\":false,\"store_locator_category\":false,\"wpgmza_store_locator_use_their_location\":false,\"wpgmza_store_locator_bounce\":false,\"upload_default_sl_marker\":\"\",\"upload_default_sl_marker_retina\":false,\"wpgmza_sl_animation\":\"0\",\"wpgmza_store_locator_hide_before_search\":false,\"store_locator_query_string\":\"\",\"store_locator_location_placeholder\":\"\",\"store_locator_default_address\":\"\",\"store_locator_name_search\":false,\"store_locator_name_string\":\"\",\"store_locator_not_found_message\":\"\",\"retina\":false,\"wpgmza_map_align\":\"1\",\"upload_default_ul_marker\":\"\",\"upload_default_ul_marker_retina\":false,\"jump_to_nearest_marker_on_initialization\":false,\"automatically_pan_to_users_location\":false,\"override_users_location_zoom_level\":false,\"override_users_location_zoom_levels\":\"\",\"show_distance_from_location\":false,\"map_max_zoom\":\"21\",\"map_min_zoom\":\"0\",\"click_open_link\":false,\"fit_maps_bounds_to_markers\":false,\"fit_maps_bounds_to_markers_after_filtering\":false,\"hide_point_of_interest\":false,\"wpgmza_zoom_on_marker_click\":false,\"wpgmza_zoom_on_marker_click_slider\":\"\",\"close_infowindow_on_map_click\":false,\"disable_lightbox_images\":false,\"use_Raw_Jpeg_Coordinates\":false,\"polygon_labels\":false,\"disable_polygon_info_windows\":false,\"enable_advanced_custom_fields_integration\":false,\"enable_toolset_woocommerce_integration\":false,\"only_load_markers_within_viewport\":false,\"iw_primary_color\":\"#000000\",\"iw_accent_color\":\"#000000\",\"iw_text_color\":\"#000000\",\"wpgmza_listmarkers_by\":\"0\",\"wpgmza_marker_listing_position\":false,\"wpgmza_push_in_map\":false,\"wpgmza_push_in_map_placement\":\"1\",\"wpgmza_push_in_map_width\":\"\",\"wpgmza_push_in_map_height\":\"\",\"zoom_level_on_marker_listing_override\":false,\"zoom_level_on_marker_listing_click\":\"\",\"marker_listing_disable_zoom\":false,\"datatable_no_result_message\":\"\",\"remove_search_box_datables\":false,\"dataTable_pagination_style\":\"default\",\"datatable_search_string\":\"\",\"datatable_result_start\":\"\",\"datatable_result_of\":\"\",\"datatable_result_to\":\"\",\"datatable_result_total\":\"\",\"datatable_result_show\":\"\",\"datatable_result_entries\":\"\",\"wpgmza_savemap\":\"Save Map \\u00bb\",\"shortcodeAttributes\":{\"id\":\"1\"}}}' data-map-id='1' data-shortcode-attributes='{\"id\":\"1\"}'> <\/div>\r\n            \r\n               \r\n        \n","protected":false},"excerpt":{"rendered":"","protected":false},"author":1,"featured_media":573,"parent":0,"menu_order":0,"comment_status":"closed","ping_status":"closed","template":"","meta":{"footnotes":""},"class_list":["post-1521","page","type-page","status-publish","has-post-thumbnail","hentry"],"jetpack-related-posts":[{"id":907,"url":"https:\/\/www.life-systeme.com\/en\/map\/","url_meta":{"origin":1521,"position":0},"title":"Map","author":"Christophe","date":"24 Maggio 2023","format":false,"excerpt":"","rel":"","context":"Articolo simile","block_context":{"text":"Articolo simile","link":""},"img":{"alt_text":"","src":"https:\/\/i0.wp.com\/www.life-systeme.com\/wp-content\/uploads\/2023\/05\/Carte-professionnel-bioresonance.webp?resize=350%2C200&ssl=1","width":350,"height":200,"srcset":"https:\/\/i0.wp.com\/www.life-systeme.com\/wp-content\/uploads\/2023\/05\/Carte-professionnel-bioresonance.webp?resize=350%2C200&ssl=1 1x, https:\/\/i0.wp.com\/www.life-systeme.com\/wp-content\/uploads\/2023\/05\/Carte-professionnel-bioresonance.webp?resize=525%2C300&ssl=1 1.5x, https:\/\/i0.wp.com\/www.life-systeme.com\/wp-content\/uploads\/2023\/05\/Carte-professionnel-bioresonance.webp?resize=700%2C400&ssl=1 2x"},"classes":[]},{"id":1522,"url":"https:\/\/www.life-systeme.com\/es\/tarjeta\/","url_meta":{"origin":1521,"position":1},"title":"Tarjeta","author":"Christophe","date":"24 Maggio 2023","format":false,"excerpt":"","rel":"","context":"Articolo simile","block_context":{"text":"Articolo simile","link":""},"img":{"alt_text":"","src":"https:\/\/i0.wp.com\/www.life-systeme.com\/wp-content\/uploads\/2023\/05\/Carte-professionnel-bioresonance.webp?resize=350%2C200&ssl=1","width":350,"height":200,"srcset":"https:\/\/i0.wp.com\/www.life-systeme.com\/wp-content\/uploads\/2023\/05\/Carte-professionnel-bioresonance.webp?resize=350%2C200&ssl=1 1x, https:\/\/i0.wp.com\/www.life-systeme.com\/wp-content\/uploads\/2023\/05\/Carte-professionnel-bioresonance.webp?resize=525%2C300&ssl=1 1.5x, https:\/\/i0.wp.com\/www.life-systeme.com\/wp-content\/uploads\/2023\/05\/Carte-professionnel-bioresonance.webp?resize=700%2C400&ssl=1 2x"},"classes":[]},{"id":732,"url":"https:\/\/www.life-systeme.com\/map\/","url_meta":{"origin":1521,"position":2},"title":"Carte des praticiens \/ distributeurs LIFE-System","author":"Christophe","date":"24 Maggio 2023","format":false,"excerpt":"","rel":"","context":"Articolo simile","block_context":{"text":"Articolo simile","link":""},"img":{"alt_text":"praticien en bior\u00e9sonance","src":"https:\/\/i0.wp.com\/www.life-systeme.com\/wp-content\/uploads\/2023\/05\/Carte-professionnel-bioresonance.webp?resize=350%2C200&ssl=1","width":350,"height":200,"srcset":"https:\/\/i0.wp.com\/www.life-systeme.com\/wp-content\/uploads\/2023\/05\/Carte-professionnel-bioresonance.webp?resize=350%2C200&ssl=1 1x, https:\/\/i0.wp.com\/www.life-systeme.com\/wp-content\/uploads\/2023\/05\/Carte-professionnel-bioresonance.webp?resize=525%2C300&ssl=1 1.5x, https:\/\/i0.wp.com\/www.life-systeme.com\/wp-content\/uploads\/2023\/05\/Carte-professionnel-bioresonance.webp?resize=700%2C400&ssl=1 2x"},"classes":[]},{"id":3,"url":"https:\/\/www.life-systeme.com\/politique-de-confidentialite\/","url_meta":{"origin":1521,"position":3},"title":"Politique de confidentialit\u00e9","author":"Christophe","date":"10 Maggio 2023","format":false,"excerpt":"Qui sommes-nous\u00a0? L\u2019adresse de notre site est\u00a0: http:\/\/www.life-systeme.com. Commentaires Quand vous laissez un commentaire sur notre site, les donn\u00e9es inscrites dans le formulaire de commentaire, ainsi que votre adresse IP et l\u2019agent utilisateur de votre navigateur sont collect\u00e9s pour nous aider \u00e0 la d\u00e9tection des commentaires ind\u00e9sirables. Une cha\u00eene anonymis\u00e9e\u2026","rel":"","context":"Articolo simile","block_context":{"text":"Articolo simile","link":""},"img":{"alt_text":"","src":"","width":0,"height":0},"classes":[]},{"id":1420,"url":"https:\/\/www.life-systeme.com\/es\/politica-de-privacidad\/","url_meta":{"origin":1521,"position":4},"title":"Pol\u00edtica de privacidad","author":"Christophe","date":"10 Maggio 2023","format":false,"excerpt":"\u00bfQui\u00e9nes somos\u00a0? La direcci\u00f3n de nuestro sitio web es http:\/\/www.life-systeme.com. Comentarios Cuando deja un comentario en nuestro sitio, los datos introducidos en el formulario de comentarios, as\u00ed como su direcci\u00f3n IP y el agente de usuario de su navegador, se recopilan para ayudarnos a detectar comentarios no deseados. Una cadena\u2026","rel":"","context":"Articolo simile","block_context":{"text":"Articolo simile","link":""},"img":{"alt_text":"","src":"","width":0,"height":0},"classes":[]},{"id":1418,"url":"https:\/\/www.life-systeme.com\/it\/informativa-sulla-privacy\/","url_meta":{"origin":1521,"position":5},"title":"Informativa sulla privacy","author":"Christophe","date":"10 Maggio 2023","format":false,"excerpt":"Chi siamo\u00a0? L'indirizzo del nostro sito web \u00e8: http:\/\/www.life-systeme.com. Commenti Quando lasciate un commento sul nostro sito, i dati inseriti nel modulo di commento, cos\u00ec come il vostro indirizzo IP e l'user agent del vostro browser, vengono raccolti per aiutarci a individuare i commenti indesiderati. Una stringa anonima creata a\u2026","rel":"","context":"Articolo simile","block_context":{"text":"Articolo simile","link":""},"img":{"alt_text":"","src":"","width":0,"height":0},"classes":[]}],"jetpack_sharing_enabled":true,"_links":{"self":[{"href":"https:\/\/www.life-systeme.com\/it\/wp-json\/wp\/v2\/pages\/1521","targetHints":{"allow":["GET"]}}],"collection":[{"href":"https:\/\/www.life-systeme.com\/it\/wp-json\/wp\/v2\/pages"}],"about":[{"href":"https:\/\/www.life-systeme.com\/it\/wp-json\/wp\/v2\/types\/page"}],"author":[{"embeddable":true,"href":"https:\/\/www.life-systeme.com\/it\/wp-json\/wp\/v2\/users\/1"}],"replies":[{"embeddable":true,"href":"https:\/\/www.life-systeme.com\/it\/wp-json\/wp\/v2\/comments?post=1521"}],"version-history":[{"count":0,"href":"https:\/\/www.life-systeme.com\/it\/wp-json\/wp\/v2\/pages\/1521\/revisions"}],"wp:featuredmedia":[{"embeddable":true,"href":"https:\/\/www.life-systeme.com\/it\/wp-json\/wp\/v2\/media\/573"}],"wp:attachment":[{"href":"https:\/\/www.life-systeme.com\/it\/wp-json\/wp\/v2\/media?parent=1521"}],"curies":[{"name":"wp","href":"https:\/\/api.w.org\/{rel}","templated":true}]}}