{"id":1279,"date":"2023-06-20T10:49:09","date_gmt":"2023-06-20T08:49:09","guid":{"rendered":"https:\/\/www.life-systeme.com\/che-cose-il-biofeedback\/"},"modified":"2023-06-23T16:15:37","modified_gmt":"2023-06-23T14:15:37","slug":"che-cose-il-biofeedback","status":"publish","type":"page","link":"https:\/\/www.life-systeme.com\/it\/che-cose-il-biofeedback\/","title":{"rendered":"Che cos&#8217;\u00e8 il biofeedback?"},"content":{"rendered":"","protected":false},"excerpt":{"rendered":"","protected":false},"author":1,"featured_media":2187,"parent":0,"menu_order":0,"comment_status":"closed","ping_status":"closed","template":"","meta":{"footnotes":""},"class_list":["post-1279","page","type-page","status-publish","has-post-thumbnail","hentry"],"jetpack-related-posts":[{"id":1426,"url":"https:\/\/www.life-systeme.com\/it\/che-cose-la-biorisonanza\/","url_meta":{"origin":1279,"position":0},"title":"Che cos&#8217;\u00e8 la biorisonanza?","author":"Christophe","date":"8 Giugno 2023","format":false,"excerpt":"La biorisonanza \u00e8 un metodo che prevede l'analisi e l'emissione di vibrazioni elettromagnetiche dal corpo per riequilibrare i disturbi fisici ed emotivi.","rel":"","context":"Articolo simile","block_context":{"text":"Articolo simile","link":""},"img":{"alt_text":"bior\u00e9sonance quantique","src":"https:\/\/i0.wp.com\/www.life-systeme.com\/wp-content\/uploads\/2023\/06\/bioresonance-atom.jpg?resize=350%2C200&ssl=1","width":350,"height":200,"srcset":"https:\/\/i0.wp.com\/www.life-systeme.com\/wp-content\/uploads\/2023\/06\/bioresonance-atom.jpg?resize=350%2C200&ssl=1 1x, https:\/\/i0.wp.com\/www.life-systeme.com\/wp-content\/uploads\/2023\/06\/bioresonance-atom.jpg?resize=525%2C300&ssl=1 1.5x, https:\/\/i0.wp.com\/www.life-systeme.com\/wp-content\/uploads\/2023\/06\/bioresonance-atom.jpg?resize=700%2C400&ssl=1 2x, https:\/\/i0.wp.com\/www.life-systeme.com\/wp-content\/uploads\/2023\/06\/bioresonance-atom.jpg?resize=1050%2C600&ssl=1 3x"},"classes":[]},{"id":717,"url":"https:\/\/www.life-systeme.com\/it\/sistema-life\/","url_meta":{"origin":1279,"position":1},"title":"Sistema LIFE","author":"Christophe","date":"18 Ottobre 2022","format":false,"excerpt":"Il sistema LIFE esegue un test di biofeedback analizzando oltre 8.000 parametri dell'impronta digitale. Fornisce un risultato completo in grado di rilevare anche i pi\u00f9 piccoli fattori che possono alterare l'equilibrio naturale dell'organismo.","rel":"","context":"Articolo simile","block_context":{"text":"Articolo simile","link":""},"img":{"alt_text":"Appareil de bior\u00e9sonance LIFE System","src":"https:\/\/i0.wp.com\/www.life-systeme.com\/wp-content\/uploads\/2023\/05\/Life-system-bioresonance-1.webp?resize=350%2C200&ssl=1","width":350,"height":200,"srcset":"https:\/\/i0.wp.com\/www.life-systeme.com\/wp-content\/uploads\/2023\/05\/Life-system-bioresonance-1.webp?resize=350%2C200&ssl=1 1x, https:\/\/i0.wp.com\/www.life-systeme.com\/wp-content\/uploads\/2023\/05\/Life-system-bioresonance-1.webp?resize=525%2C300&ssl=1 1.5x, https:\/\/i0.wp.com\/www.life-systeme.com\/wp-content\/uploads\/2023\/05\/Life-system-bioresonance-1.webp?resize=700%2C400&ssl=1 2x"},"classes":[]},{"id":1198,"url":"https:\/\/www.life-systeme.com\/le-biofeedback-definition\/","url_meta":{"origin":1279,"position":2},"title":"Biofeedback : Qu&#8217;est-ce que c&#8217;est ?","author":"Christophe","date":"20 Giugno 2023","format":false,"excerpt":"","rel":"","context":"Articolo simile","block_context":{"text":"Articolo simile","link":""},"img":{"alt_text":"biofeedback qu'est-ce que c'est ?","src":"https:\/\/i0.wp.com\/www.life-systeme.com\/wp-content\/uploads\/Biofeedback-et-bioresonance-scaled.webp?resize=350%2C200&ssl=1","width":350,"height":200,"srcset":"https:\/\/i0.wp.com\/www.life-systeme.com\/wp-content\/uploads\/Biofeedback-et-bioresonance-scaled.webp?resize=350%2C200&ssl=1 1x, https:\/\/i0.wp.com\/www.life-systeme.com\/wp-content\/uploads\/Biofeedback-et-bioresonance-scaled.webp?resize=525%2C300&ssl=1 1.5x, https:\/\/i0.wp.com\/www.life-systeme.com\/wp-content\/uploads\/Biofeedback-et-bioresonance-scaled.webp?resize=700%2C400&ssl=1 2x, https:\/\/i0.wp.com\/www.life-systeme.com\/wp-content\/uploads\/Biofeedback-et-bioresonance-scaled.webp?resize=1050%2C600&ssl=1 3x, https:\/\/i0.wp.com\/www.life-systeme.com\/wp-content\/uploads\/Biofeedback-et-bioresonance-scaled.webp?resize=1400%2C800&ssl=1 4x"},"classes":[]},{"id":1278,"url":"https:\/\/www.life-systeme.com\/en\/what-is-biofeedback\/","url_meta":{"origin":1279,"position":3},"title":"What is biofeedback?","author":"Christophe","date":"20 Giugno 2023","format":false,"excerpt":"","rel":"","context":"Articolo simile","block_context":{"text":"Articolo simile","link":""},"img":{"alt_text":"biofeedback qu'est-ce que c'est ?","src":"https:\/\/i0.wp.com\/www.life-systeme.com\/wp-content\/uploads\/Biofeedback-et-bioresonance-scaled.webp?resize=350%2C200&ssl=1","width":350,"height":200,"srcset":"https:\/\/i0.wp.com\/www.life-systeme.com\/wp-content\/uploads\/Biofeedback-et-bioresonance-scaled.webp?resize=350%2C200&ssl=1 1x, https:\/\/i0.wp.com\/www.life-systeme.com\/wp-content\/uploads\/Biofeedback-et-bioresonance-scaled.webp?resize=525%2C300&ssl=1 1.5x, https:\/\/i0.wp.com\/www.life-systeme.com\/wp-content\/uploads\/Biofeedback-et-bioresonance-scaled.webp?resize=700%2C400&ssl=1 2x, https:\/\/i0.wp.com\/www.life-systeme.com\/wp-content\/uploads\/Biofeedback-et-bioresonance-scaled.webp?resize=1050%2C600&ssl=1 3x, https:\/\/i0.wp.com\/www.life-systeme.com\/wp-content\/uploads\/Biofeedback-et-bioresonance-scaled.webp?resize=1400%2C800&ssl=1 4x"},"classes":[]},{"id":15,"url":"https:\/\/www.life-systeme.com\/life-system-2\/","url_meta":{"origin":1279,"position":4},"title":"LIFE-System","author":"Christophe","date":"18 Ottobre 2022","format":false,"excerpt":"Le LIFE System effectue un test de biofeedback en analysant plus de 8000 param\u00e8tres de bio-empreintes. Il fournit un r\u00e9sultat de test complet permettant de d\u00e9tecter m\u00eame les facteurs les plus infimes pouvant perturber l'\u00e9quilibre naturel du corps.","rel":"","context":"Articolo simile","block_context":{"text":"Articolo simile","link":""},"img":{"alt_text":"Obtenir un pr\u00e9cieux bilan \u00e9nerg\u00e9tique avec l\u2019appareil de bior\u00e9sonance\/biofeedback LIFE System qui effectue ainsi un test de bior\u00e9sonance et biofeedback en analysant plus de 8000 param\u00e8tres de bio-empreintes. LIFE System (appareil de bio technologie) fournit un r\u00e9sultat de test complet permettant de d\u00e9tecter m\u00eame les facteurs les plus infimes pouvant perturber l'\u00e9quilibre naturel du corps.","src":"https:\/\/i0.wp.com\/www.life-systeme.com\/wp-content\/uploads\/2023\/05\/Life-system-bioresonance-1.webp?resize=350%2C200&ssl=1","width":350,"height":200,"srcset":"https:\/\/i0.wp.com\/www.life-systeme.com\/wp-content\/uploads\/2023\/05\/Life-system-bioresonance-1.webp?resize=350%2C200&ssl=1 1x, https:\/\/i0.wp.com\/www.life-systeme.com\/wp-content\/uploads\/2023\/05\/Life-system-bioresonance-1.webp?resize=525%2C300&ssl=1 1.5x, https:\/\/i0.wp.com\/www.life-systeme.com\/wp-content\/uploads\/2023\/05\/Life-system-bioresonance-1.webp?resize=700%2C400&ssl=1 2x"},"classes":[]},{"id":1280,"url":"https:\/\/www.life-systeme.com\/es\/que-es-la-biorretroalimentacion\/","url_meta":{"origin":1279,"position":5},"title":"\u00bfQu\u00e9 es la biorretroalimentaci\u00f3n?","author":"Christophe","date":"20 Giugno 2023","format":false,"excerpt":"","rel":"","context":"Articolo simile","block_context":{"text":"Articolo simile","link":""},"img":{"alt_text":"biofeedback qu'est-ce que c'est ?","src":"https:\/\/i0.wp.com\/www.life-systeme.com\/wp-content\/uploads\/Biofeedback-et-bioresonance-scaled.webp?resize=350%2C200&ssl=1","width":350,"height":200,"srcset":"https:\/\/i0.wp.com\/www.life-systeme.com\/wp-content\/uploads\/Biofeedback-et-bioresonance-scaled.webp?resize=350%2C200&ssl=1 1x, https:\/\/i0.wp.com\/www.life-systeme.com\/wp-content\/uploads\/Biofeedback-et-bioresonance-scaled.webp?resize=525%2C300&ssl=1 1.5x, https:\/\/i0.wp.com\/www.life-systeme.com\/wp-content\/uploads\/Biofeedback-et-bioresonance-scaled.webp?resize=700%2C400&ssl=1 2x, https:\/\/i0.wp.com\/www.life-systeme.com\/wp-content\/uploads\/Biofeedback-et-bioresonance-scaled.webp?resize=1050%2C600&ssl=1 3x, https:\/\/i0.wp.com\/www.life-systeme.com\/wp-content\/uploads\/Biofeedback-et-bioresonance-scaled.webp?resize=1400%2C800&ssl=1 4x"},"classes":[]}],"jetpack_sharing_enabled":true,"_links":{"self":[{"href":"https:\/\/www.life-systeme.com\/it\/wp-json\/wp\/v2\/pages\/1279","targetHints":{"allow":["GET"]}}],"collection":[{"href":"https:\/\/www.life-systeme.com\/it\/wp-json\/wp\/v2\/pages"}],"about":[{"href":"https:\/\/www.life-systeme.com\/it\/wp-json\/wp\/v2\/types\/page"}],"author":[{"embeddable":true,"href":"https:\/\/www.life-systeme.com\/it\/wp-json\/wp\/v2\/users\/1"}],"replies":[{"embeddable":true,"href":"https:\/\/www.life-systeme.com\/it\/wp-json\/wp\/v2\/comments?post=1279"}],"version-history":[{"count":1,"href":"https:\/\/www.life-systeme.com\/it\/wp-json\/wp\/v2\/pages\/1279\/revisions"}],"predecessor-version":[{"id":1282,"href":"https:\/\/www.life-systeme.com\/it\/wp-json\/wp\/v2\/pages\/1279\/revisions\/1282"}],"wp:featuredmedia":[{"embeddable":true,"href":"https:\/\/www.life-systeme.com\/it\/wp-json\/wp\/v2\/media\/2187"}],"wp:attachment":[{"href":"https:\/\/www.life-systeme.com\/it\/wp-json\/wp\/v2\/media?parent=1279"}],"curies":[{"name":"wp","href":"https:\/\/api.w.org\/{rel}","templated":true}]}}