{"id":1255,"date":"2023-06-22T14:33:33","date_gmt":"2023-06-22T12:33:33","guid":{"rendered":"https:\/\/www.life-systeme.com\/presentazione-di-h-e-b-ii\/"},"modified":"2023-06-22T14:33:33","modified_gmt":"2023-06-22T12:33:33","slug":"presentazione-di-h-e-b-ii","status":"publish","type":"page","link":"https:\/\/www.life-systeme.com\/it\/presentazione-di-h-e-b-ii\/","title":{"rendered":"Presentazione di H.E.B.II"},"content":{"rendered":"","protected":false},"excerpt":{"rendered":"","protected":false},"author":1,"featured_media":0,"parent":0,"menu_order":0,"comment_status":"closed","ping_status":"closed","template":"","meta":{"footnotes":""},"class_list":["post-1255","page","type-page","status-publish","hentry"],"jetpack-related-posts":[{"id":1252,"url":"https:\/\/www.life-systeme.com\/presentation-du-h-e-b\/","url_meta":{"origin":1255,"position":0},"title":"Pr\u00e9sentation du H.E.B.II","author":"Christophe","date":"22 Giugno 2023","format":false,"excerpt":"","rel":"","context":"Articolo simile","block_context":{"text":"Articolo simile","link":""},"img":{"alt_text":"","src":"","width":0,"height":0},"classes":[]},{"id":1254,"url":"https:\/\/www.life-systeme.com\/en\/introducing-h-e-b-ii\/","url_meta":{"origin":1255,"position":1},"title":"Introducing H.E.B.II","author":"Christophe","date":"22 Giugno 2023","format":false,"excerpt":"","rel":"","context":"Articolo simile","block_context":{"text":"Articolo simile","link":""},"img":{"alt_text":"","src":"","width":0,"height":0},"classes":[]},{"id":1256,"url":"https:\/\/www.life-systeme.com\/es\/presentacion-de-h-e-b-ii\/","url_meta":{"origin":1255,"position":2},"title":"Presentaci\u00f3n de H.E.B.II","author":"Christophe","date":"22 Giugno 2023","format":false,"excerpt":"","rel":"","context":"Articolo simile","block_context":{"text":"Articolo simile","link":""},"img":{"alt_text":"","src":"","width":0,"height":0},"classes":[]},{"id":1222,"url":"https:\/\/www.life-systeme.com\/it\/dimostrazione-di-una-sessione-di-biorisonanza-con-il-sistema-life\/","url_meta":{"origin":1255,"position":3},"title":"Dimostrazione di una sessione di biorisonanza con il Sistema LIFE","author":"Christophe","date":"21 Giugno 2023","format":false,"excerpt":"","rel":"","context":"Articolo simile","block_context":{"text":"Articolo simile","link":""},"img":{"alt_text":"","src":"","width":0,"height":0},"classes":[]},{"id":1418,"url":"https:\/\/www.life-systeme.com\/it\/informativa-sulla-privacy\/","url_meta":{"origin":1255,"position":4},"title":"Informativa sulla privacy","author":"Christophe","date":"10 Maggio 2023","format":false,"excerpt":"Chi siamo\u00a0? L'indirizzo del nostro sito web \u00e8: http:\/\/www.life-systeme.com. Commenti Quando lasciate un commento sul nostro sito, i dati inseriti nel modulo di commento, cos\u00ec come il vostro indirizzo IP e l'user agent del vostro browser, vengono raccolti per aiutarci a individuare i commenti indesiderati. Una stringa anonima creata a\u2026","rel":"","context":"Articolo simile","block_context":{"text":"Articolo simile","link":""},"img":{"alt_text":"","src":"","width":0,"height":0},"classes":[]},{"id":705,"url":"https:\/\/www.life-systeme.com\/it\/pagina-di-esempio\/","url_meta":{"origin":1255,"position":5},"title":"Pagina di esempio","author":"Christophe","date":"10 Maggio 2023","format":false,"excerpt":"Questa \u00e8 una pagina di esempio. \u00c8 diverso da un post di un blog perch\u00e9 rimarr\u00e0 nello stesso posto e apparir\u00e0 nella navigazione del sito (nella maggior parte dei temi). La maggior parte delle persone inizia con una pagina \"About\" che li presenta alle persone che visitano il sito. Potrebbe\u2026","rel":"","context":"Articolo simile","block_context":{"text":"Articolo simile","link":""},"img":{"alt_text":"","src":"","width":0,"height":0},"classes":[]}],"jetpack_sharing_enabled":true,"_links":{"self":[{"href":"https:\/\/www.life-systeme.com\/it\/wp-json\/wp\/v2\/pages\/1255","targetHints":{"allow":["GET"]}}],"collection":[{"href":"https:\/\/www.life-systeme.com\/it\/wp-json\/wp\/v2\/pages"}],"about":[{"href":"https:\/\/www.life-systeme.com\/it\/wp-json\/wp\/v2\/types\/page"}],"author":[{"embeddable":true,"href":"https:\/\/www.life-systeme.com\/it\/wp-json\/wp\/v2\/users\/1"}],"replies":[{"embeddable":true,"href":"https:\/\/www.life-systeme.com\/it\/wp-json\/wp\/v2\/comments?post=1255"}],"version-history":[{"count":0,"href":"https:\/\/www.life-systeme.com\/it\/wp-json\/wp\/v2\/pages\/1255\/revisions"}],"wp:attachment":[{"href":"https:\/\/www.life-systeme.com\/it\/wp-json\/wp\/v2\/media?parent=1255"}],"curies":[{"name":"wp","href":"https:\/\/api.w.org\/{rel}","templated":true}]}}