{"id":715,"date":"2022-10-18T10:54:33","date_gmt":"2022-10-18T08:54:33","guid":{"rendered":"http:\/\/www.life-systeme.com\/index.php\/sistema-life\/"},"modified":"2023-07-03T11:59:06","modified_gmt":"2023-07-03T09:59:06","slug":"sistema-life","status":"publish","type":"page","link":"https:\/\/www.life-systeme.com\/es\/sistema-life\/","title":{"rendered":"Sistema LIFE"},"content":{"rendered":"","protected":false},"excerpt":{"rendered":"<p>El sistema LIFE realiza una prueba de biorretroalimentaci\u00f3n analizando m\u00e1s de 8.000 par\u00e1metros de la biohuella dactilar.<br \/>\nProporciona un resultado de an\u00e1lisis completo que puede detectar incluso los factores m\u00e1s peque\u00f1os que pueden alterar el equilibrio natural del organismo.<\/p>\n","protected":false},"author":1,"featured_media":510,"parent":0,"menu_order":0,"comment_status":"open","ping_status":"closed","template":"","meta":{"footnotes":""},"class_list":["post-715","page","type-page","status-publish","has-post-thumbnail","hentry"],"jetpack-related-posts":[{"id":717,"url":"https:\/\/www.life-systeme.com\/it\/sistema-life\/","url_meta":{"origin":715,"position":0},"title":"Sistema LIFE","author":"Christophe","date":"18 octubre 2022","format":false,"excerpt":"Il sistema LIFE esegue un test di biofeedback analizzando oltre 8.000 parametri dell'impronta digitale. Fornisce un risultato completo in grado di rilevare anche i pi\u00f9 piccoli fattori che possono alterare l'equilibrio naturale dell'organismo.","rel":"","context":"Entrada similar","block_context":{"text":"Entrada similar","link":""},"img":{"alt_text":"Appareil de bior\u00e9sonance LIFE System","src":"https:\/\/i0.wp.com\/www.life-systeme.com\/wp-content\/uploads\/2023\/05\/Life-system-bioresonance-1.webp?resize=350%2C200&ssl=1","width":350,"height":200,"srcset":"https:\/\/i0.wp.com\/www.life-systeme.com\/wp-content\/uploads\/2023\/05\/Life-system-bioresonance-1.webp?resize=350%2C200&ssl=1 1x, https:\/\/i0.wp.com\/www.life-systeme.com\/wp-content\/uploads\/2023\/05\/Life-system-bioresonance-1.webp?resize=525%2C300&ssl=1 1.5x, https:\/\/i0.wp.com\/www.life-systeme.com\/wp-content\/uploads\/2023\/05\/Life-system-bioresonance-1.webp?resize=700%2C400&ssl=1 2x"},"classes":[]},{"id":1454,"url":"https:\/\/www.life-systeme.com\/es\/accesorios-y-software-del-sistema-life\/","url_meta":{"origin":715,"position":1},"title":"Accesorios y software del sistema LIFE","author":"Christophe","date":"12 junio 2023","format":false,"excerpt":"","rel":"","context":"Entrada similar","block_context":{"text":"Entrada similar","link":""},"img":{"alt_text":"","src":"","width":0,"height":0},"classes":[]},{"id":1453,"url":"https:\/\/www.life-systeme.com\/it\/accessori-e-software-del-sistema-life\/","url_meta":{"origin":715,"position":2},"title":"Accessori e software del sistema LIFE","author":"Christophe","date":"12 junio 2023","format":false,"excerpt":"","rel":"","context":"Entrada similar","block_context":{"text":"Entrada similar","link":""},"img":{"alt_text":"","src":"","width":0,"height":0},"classes":[]},{"id":1222,"url":"https:\/\/www.life-systeme.com\/it\/dimostrazione-di-una-sessione-di-biorisonanza-con-il-sistema-life\/","url_meta":{"origin":715,"position":3},"title":"Dimostrazione di una sessione di biorisonanza con il Sistema LIFE","author":"Christophe","date":"21 junio 2023","format":false,"excerpt":"","rel":"","context":"Entrada similar","block_context":{"text":"Entrada similar","link":""},"img":{"alt_text":"","src":"","width":0,"height":0},"classes":[]},{"id":1223,"url":"https:\/\/www.life-systeme.com\/es\/demostracion-de-una-sesion-de-biorresonancia-con-el-life-system\/","url_meta":{"origin":715,"position":4},"title":"Demostraci\u00f3n de una sesi\u00f3n de biorresonancia con el LIFE-System","author":"Christophe","date":"21 junio 2023","format":false,"excerpt":"","rel":"","context":"Entrada similar","block_context":{"text":"Entrada similar","link":""},"img":{"alt_text":"","src":"","width":0,"height":0},"classes":[]},{"id":1843,"url":"https:\/\/www.life-systeme.com\/en\/demostracion-de-una-sesion-de-biorresonancia-con-el-life-system\/","url_meta":{"origin":715,"position":5},"title":"Demostraci\u00f3n de una sesi\u00f3n de biorresonancia con el LIFE-System","author":"Christophe","date":"17 julio 2023","format":false,"excerpt":"","rel":"","context":"Entrada similar","block_context":{"text":"Entrada similar","link":""},"img":{"alt_text":"","src":"","width":0,"height":0},"classes":[]}],"jetpack_sharing_enabled":true,"_links":{"self":[{"href":"https:\/\/www.life-systeme.com\/es\/wp-json\/wp\/v2\/pages\/715","targetHints":{"allow":["GET"]}}],"collection":[{"href":"https:\/\/www.life-systeme.com\/es\/wp-json\/wp\/v2\/pages"}],"about":[{"href":"https:\/\/www.life-systeme.com\/es\/wp-json\/wp\/v2\/types\/page"}],"author":[{"embeddable":true,"href":"https:\/\/www.life-systeme.com\/es\/wp-json\/wp\/v2\/users\/1"}],"replies":[{"embeddable":true,"href":"https:\/\/www.life-systeme.com\/es\/wp-json\/wp\/v2\/comments?post=715"}],"version-history":[{"count":1,"href":"https:\/\/www.life-systeme.com\/es\/wp-json\/wp\/v2\/pages\/715\/revisions"}],"predecessor-version":[{"id":1348,"href":"https:\/\/www.life-systeme.com\/es\/wp-json\/wp\/v2\/pages\/715\/revisions\/1348"}],"wp:featuredmedia":[{"embeddable":true,"href":"https:\/\/www.life-systeme.com\/es\/wp-json\/wp\/v2\/media\/510"}],"wp:attachment":[{"href":"https:\/\/www.life-systeme.com\/es\/wp-json\/wp\/v2\/media?parent=715"}],"curies":[{"name":"wp","href":"https:\/\/api.w.org\/{rel}","templated":true}]}}