{"id":1513,"date":"2023-06-05T16:26:21","date_gmt":"2023-06-05T14:26:21","guid":{"rendered":"https:\/\/www.life-systeme.com\/biorresonancia-para-animales\/"},"modified":"2023-06-05T16:26:21","modified_gmt":"2023-06-05T14:26:21","slug":"biorresonancia-para-animales","status":"publish","type":"page","link":"https:\/\/www.life-systeme.com\/es\/biorresonancia-para-animales\/","title":{"rendered":"Biorresonancia para animales"},"content":{"rendered":"","protected":false},"excerpt":{"rendered":"","protected":false},"author":1,"featured_media":0,"parent":0,"menu_order":0,"comment_status":"closed","ping_status":"closed","template":"","meta":{"footnotes":""},"class_list":["post-1513","page","type-page","status-publish","hentry"],"jetpack-related-posts":[{"id":1286,"url":"https:\/\/www.life-systeme.com\/es\/biorresonancia-para-adultos\/","url_meta":{"origin":1513,"position":0},"title":"Biorresonancia para adultos","author":"Christophe","date":"31 mayo 2023","format":false,"excerpt":"","rel":"","context":"Entrada similar","block_context":{"text":"Entrada similar","link":""},"img":{"alt_text":"","src":"","width":0,"height":0},"classes":[]},{"id":1516,"url":"https:\/\/www.life-systeme.com\/es\/biorresonancia-para-ninos\/","url_meta":{"origin":1513,"position":1},"title":"Biorresonancia para ni\u00f1os","author":"Christophe","date":"1 junio 2023","format":false,"excerpt":"","rel":"","context":"Entrada similar","block_context":{"text":"Entrada similar","link":""},"img":{"alt_text":"","src":"","width":0,"height":0},"classes":[]},{"id":1427,"url":"https:\/\/www.life-systeme.com\/es\/que-es-la-biorresonancia\/","url_meta":{"origin":1513,"position":2},"title":"\u00bfQu\u00e9 es la biorresonancia?","author":"Christophe","date":"8 junio 2023","format":false,"excerpt":"La biorresonancia es un m\u00e9todo que consiste en analizar y emitir vibraciones electromagn\u00e9ticas del cuerpo para restablecer el equilibrio de los trastornos f\u00edsicos y emocionales.","rel":"","context":"Entrada similar","block_context":{"text":"Entrada similar","link":""},"img":{"alt_text":"bior\u00e9sonance quantique","src":"https:\/\/i0.wp.com\/www.life-systeme.com\/wp-content\/uploads\/2023\/06\/bioresonance-atom.jpg?resize=350%2C200&ssl=1","width":350,"height":200,"srcset":"https:\/\/i0.wp.com\/www.life-systeme.com\/wp-content\/uploads\/2023\/06\/bioresonance-atom.jpg?resize=350%2C200&ssl=1 1x, https:\/\/i0.wp.com\/www.life-systeme.com\/wp-content\/uploads\/2023\/06\/bioresonance-atom.jpg?resize=525%2C300&ssl=1 1.5x, https:\/\/i0.wp.com\/www.life-systeme.com\/wp-content\/uploads\/2023\/06\/bioresonance-atom.jpg?resize=700%2C400&ssl=1 2x, https:\/\/i0.wp.com\/www.life-systeme.com\/wp-content\/uploads\/2023\/06\/bioresonance-atom.jpg?resize=1050%2C600&ssl=1 3x"},"classes":[]},{"id":1216,"url":"https:\/\/www.life-systeme.com\/es\/centro-de-biorresonancia\/","url_meta":{"origin":1513,"position":3},"title":"Centro de biorresonancia","author":"Christophe","date":"21 junio 2023","format":false,"excerpt":"","rel":"","context":"Entrada similar","block_context":{"text":"Entrada similar","link":""},"img":{"alt_text":"","src":"","width":0,"height":0},"classes":[]},{"id":1499,"url":"https:\/\/www.life-systeme.com\/es\/biorresonancia-y-plantas\/","url_meta":{"origin":1513,"position":4},"title":"Biorresonancia y plantas","author":"Christophe","date":"8 junio 2023","format":false,"excerpt":"","rel":"","context":"Entrada similar","block_context":{"text":"Entrada similar","link":""},"img":{"alt_text":"","src":"","width":0,"height":0},"classes":[]},{"id":1507,"url":"https:\/\/www.life-systeme.com\/es\/biorresonancia-y-belleza\/","url_meta":{"origin":1513,"position":5},"title":"Biorresonancia y belleza","author":"Christophe","date":"1 junio 2023","format":false,"excerpt":"","rel":"","context":"Entrada similar","block_context":{"text":"Entrada similar","link":""},"img":{"alt_text":"","src":"","width":0,"height":0},"classes":[]}],"jetpack_sharing_enabled":true,"_links":{"self":[{"href":"https:\/\/www.life-systeme.com\/es\/wp-json\/wp\/v2\/pages\/1513","targetHints":{"allow":["GET"]}}],"collection":[{"href":"https:\/\/www.life-systeme.com\/es\/wp-json\/wp\/v2\/pages"}],"about":[{"href":"https:\/\/www.life-systeme.com\/es\/wp-json\/wp\/v2\/types\/page"}],"author":[{"embeddable":true,"href":"https:\/\/www.life-systeme.com\/es\/wp-json\/wp\/v2\/users\/1"}],"replies":[{"embeddable":true,"href":"https:\/\/www.life-systeme.com\/es\/wp-json\/wp\/v2\/comments?post=1513"}],"version-history":[{"count":0,"href":"https:\/\/www.life-systeme.com\/es\/wp-json\/wp\/v2\/pages\/1513\/revisions"}],"wp:attachment":[{"href":"https:\/\/www.life-systeme.com\/es\/wp-json\/wp\/v2\/media?parent=1513"}],"curies":[{"name":"wp","href":"https:\/\/api.w.org\/{rel}","templated":true}]}}