{"id":1499,"date":"2023-06-08T11:24:17","date_gmt":"2023-06-08T09:24:17","guid":{"rendered":"https:\/\/www.life-systeme.com\/biorresonancia-y-plantas\/"},"modified":"2023-07-06T10:10:56","modified_gmt":"2023-07-06T08:10:56","slug":"biorresonancia-y-plantas","status":"publish","type":"page","link":"https:\/\/www.life-systeme.com\/es\/biorresonancia-y-plantas\/","title":{"rendered":"Biorresonancia y plantas"},"content":{"rendered":"","protected":false},"excerpt":{"rendered":"","protected":false},"author":1,"featured_media":0,"parent":0,"menu_order":0,"comment_status":"closed","ping_status":"closed","template":"","meta":{"footnotes":""},"class_list":["post-1499","page","type-page","status-publish","hentry"],"jetpack-related-posts":[{"id":1427,"url":"https:\/\/www.life-systeme.com\/es\/que-es-la-biorresonancia\/","url_meta":{"origin":1499,"position":0},"title":"\u00bfQu\u00e9 es la biorresonancia?","author":"Christophe","date":"8 junio 2023","format":false,"excerpt":"La biorresonancia es un m\u00e9todo que consiste en analizar y emitir vibraciones electromagn\u00e9ticas del cuerpo para restablecer el equilibrio de los trastornos f\u00edsicos y emocionales.","rel":"","context":"Entrada similar","block_context":{"text":"Entrada similar","link":""},"img":{"alt_text":"bior\u00e9sonance quantique","src":"https:\/\/i0.wp.com\/www.life-systeme.com\/wp-content\/uploads\/2023\/06\/bioresonance-atom.jpg?resize=350%2C200&ssl=1","width":350,"height":200,"srcset":"https:\/\/i0.wp.com\/www.life-systeme.com\/wp-content\/uploads\/2023\/06\/bioresonance-atom.jpg?resize=350%2C200&ssl=1 1x, https:\/\/i0.wp.com\/www.life-systeme.com\/wp-content\/uploads\/2023\/06\/bioresonance-atom.jpg?resize=525%2C300&ssl=1 1.5x, https:\/\/i0.wp.com\/www.life-systeme.com\/wp-content\/uploads\/2023\/06\/bioresonance-atom.jpg?resize=700%2C400&ssl=1 2x, https:\/\/i0.wp.com\/www.life-systeme.com\/wp-content\/uploads\/2023\/06\/bioresonance-atom.jpg?resize=1050%2C600&ssl=1 3x"},"classes":[]},{"id":1216,"url":"https:\/\/www.life-systeme.com\/es\/centro-de-biorresonancia\/","url_meta":{"origin":1499,"position":1},"title":"Centro de biorresonancia","author":"Christophe","date":"21 junio 2023","format":false,"excerpt":"","rel":"","context":"Entrada similar","block_context":{"text":"Entrada similar","link":""},"img":{"alt_text":"","src":"","width":0,"height":0},"classes":[]},{"id":1507,"url":"https:\/\/www.life-systeme.com\/es\/biorresonancia-y-belleza\/","url_meta":{"origin":1499,"position":2},"title":"Biorresonancia y belleza","author":"Christophe","date":"1 junio 2023","format":false,"excerpt":"","rel":"","context":"Entrada similar","block_context":{"text":"Entrada similar","link":""},"img":{"alt_text":"","src":"","width":0,"height":0},"classes":[]},{"id":1510,"url":"https:\/\/www.life-systeme.com\/es\/deporte-y-biorresonancia\/","url_meta":{"origin":1499,"position":3},"title":"Deporte y biorresonancia","author":"Christophe","date":"30 mayo 2023","format":false,"excerpt":"","rel":"","context":"Entrada similar","block_context":{"text":"Entrada similar","link":""},"img":{"alt_text":"","src":"","width":0,"height":0},"classes":[]},{"id":1286,"url":"https:\/\/www.life-systeme.com\/es\/biorresonancia-para-adultos\/","url_meta":{"origin":1499,"position":4},"title":"Biorresonancia para adultos","author":"Christophe","date":"31 mayo 2023","format":false,"excerpt":"","rel":"","context":"Entrada similar","block_context":{"text":"Entrada similar","link":""},"img":{"alt_text":"","src":"","width":0,"height":0},"classes":[]},{"id":1513,"url":"https:\/\/www.life-systeme.com\/es\/biorresonancia-para-animales\/","url_meta":{"origin":1499,"position":5},"title":"Biorresonancia para animales","author":"Christophe","date":"5 junio 2023","format":false,"excerpt":"","rel":"","context":"Entrada similar","block_context":{"text":"Entrada similar","link":""},"img":{"alt_text":"","src":"","width":0,"height":0},"classes":[]}],"jetpack_sharing_enabled":true,"_links":{"self":[{"href":"https:\/\/www.life-systeme.com\/es\/wp-json\/wp\/v2\/pages\/1499","targetHints":{"allow":["GET"]}}],"collection":[{"href":"https:\/\/www.life-systeme.com\/es\/wp-json\/wp\/v2\/pages"}],"about":[{"href":"https:\/\/www.life-systeme.com\/es\/wp-json\/wp\/v2\/types\/page"}],"author":[{"embeddable":true,"href":"https:\/\/www.life-systeme.com\/es\/wp-json\/wp\/v2\/users\/1"}],"replies":[{"embeddable":true,"href":"https:\/\/www.life-systeme.com\/es\/wp-json\/wp\/v2\/comments?post=1499"}],"version-history":[{"count":1,"href":"https:\/\/www.life-systeme.com\/es\/wp-json\/wp\/v2\/pages\/1499\/revisions"}],"predecessor-version":[{"id":1500,"href":"https:\/\/www.life-systeme.com\/es\/wp-json\/wp\/v2\/pages\/1499\/revisions\/1500"}],"wp:attachment":[{"href":"https:\/\/www.life-systeme.com\/es\/wp-json\/wp\/v2\/media?parent=1499"}],"curies":[{"name":"wp","href":"https:\/\/api.w.org\/{rel}","templated":true}]}}