{"id":1409,"date":"2022-10-18T10:56:40","date_gmt":"2022-10-18T08:56:40","guid":{"rendered":"https:\/\/www.life-systeme.com\/contacte-con\/"},"modified":"2023-07-04T16:19:10","modified_gmt":"2023-07-04T14:19:10","slug":"contacte-con","status":"publish","type":"page","link":"https:\/\/www.life-systeme.com\/es\/contacte-con\/","title":{"rendered":"Contacte con"},"content":{"rendered":"","protected":false},"excerpt":{"rendered":"","protected":false},"author":1,"featured_media":0,"parent":0,"menu_order":0,"comment_status":"open","ping_status":"closed","template":"","meta":{"footnotes":""},"class_list":["post-1409","page","type-page","status-publish","hentry"],"jetpack-related-posts":[{"id":1223,"url":"https:\/\/www.life-systeme.com\/es\/demostracion-de-una-sesion-de-biorresonancia-con-el-life-system\/","url_meta":{"origin":1409,"position":0},"title":"Demostraci\u00f3n de una sesi\u00f3n de biorresonancia con el LIFE-System","author":"Christophe","date":"21 junio 2023","format":false,"excerpt":"","rel":"","context":"Entrada similar","block_context":{"text":"Entrada similar","link":""},"img":{"alt_text":"","src":"","width":0,"height":0},"classes":[]},{"id":1843,"url":"https:\/\/www.life-systeme.com\/en\/demostracion-de-una-sesion-de-biorresonancia-con-el-life-system\/","url_meta":{"origin":1409,"position":1},"title":"Demostraci\u00f3n de una sesi\u00f3n de biorresonancia con el LIFE-System","author":"Christophe","date":"17 julio 2023","format":false,"excerpt":"","rel":"","context":"Entrada similar","block_context":{"text":"Entrada similar","link":""},"img":{"alt_text":"","src":"","width":0,"height":0},"classes":[]},{"id":1222,"url":"https:\/\/www.life-systeme.com\/it\/dimostrazione-di-una-sessione-di-biorisonanza-con-il-sistema-life\/","url_meta":{"origin":1409,"position":2},"title":"Dimostrazione di una sessione di biorisonanza con il Sistema LIFE","author":"Christophe","date":"21 junio 2023","format":false,"excerpt":"","rel":"","context":"Entrada similar","block_context":{"text":"Entrada similar","link":""},"img":{"alt_text":"","src":"","width":0,"height":0},"classes":[]},{"id":1420,"url":"https:\/\/www.life-systeme.com\/es\/politica-de-privacidad\/","url_meta":{"origin":1409,"position":3},"title":"Pol\u00edtica de privacidad","author":"Christophe","date":"10 mayo 2023","format":false,"excerpt":"\u00bfQui\u00e9nes somos\u00a0? La direcci\u00f3n de nuestro sitio web es http:\/\/www.life-systeme.com. Comentarios Cuando deja un comentario en nuestro sitio, los datos introducidos en el formulario de comentarios, as\u00ed como su direcci\u00f3n IP y el agente de usuario de su navegador, se recopilan para ayudarnos a detectar comentarios no deseados. Una cadena\u2026","rel":"","context":"Entrada similar","block_context":{"text":"Entrada similar","link":""},"img":{"alt_text":"","src":"","width":0,"height":0},"classes":[]},{"id":707,"url":"https:\/\/www.life-systeme.com\/es\/pagina-de-ejemplo\/","url_meta":{"origin":1409,"position":4},"title":"P\u00e1gina de ejemplo","author":"Christophe","date":"10 mayo 2023","format":false,"excerpt":"Esta es una p\u00e1gina de ejemplo. Esto es diferente de una entrada de blog porque permanecer\u00e1 en el mismo lugar y aparecer\u00e1 en la navegaci\u00f3n de su sitio (en la mayor\u00eda de los temas). La mayor\u00eda de la gente empieza con una p\u00e1gina \"Acerca de\" que presenta a las personas\u2026","rel":"","context":"Entrada similar","block_context":{"text":"Entrada similar","link":""},"img":{"alt_text":"","src":"","width":0,"height":0},"classes":[]},{"id":19,"url":"https:\/\/www.life-systeme.com\/contact\/","url_meta":{"origin":1409,"position":5},"title":"Contact","author":"Christophe","date":"18 octubre 2022","format":false,"excerpt":"","rel":"","context":"Entrada similar","block_context":{"text":"Entrada similar","link":""},"img":{"alt_text":"","src":"","width":0,"height":0},"classes":[]}],"jetpack_sharing_enabled":true,"_links":{"self":[{"href":"https:\/\/www.life-systeme.com\/es\/wp-json\/wp\/v2\/pages\/1409","targetHints":{"allow":["GET"]}}],"collection":[{"href":"https:\/\/www.life-systeme.com\/es\/wp-json\/wp\/v2\/pages"}],"about":[{"href":"https:\/\/www.life-systeme.com\/es\/wp-json\/wp\/v2\/types\/page"}],"author":[{"embeddable":true,"href":"https:\/\/www.life-systeme.com\/es\/wp-json\/wp\/v2\/users\/1"}],"replies":[{"embeddable":true,"href":"https:\/\/www.life-systeme.com\/es\/wp-json\/wp\/v2\/comments?post=1409"}],"version-history":[{"count":1,"href":"https:\/\/www.life-systeme.com\/es\/wp-json\/wp\/v2\/pages\/1409\/revisions"}],"predecessor-version":[{"id":1424,"href":"https:\/\/www.life-systeme.com\/es\/wp-json\/wp\/v2\/pages\/1409\/revisions\/1424"}],"wp:attachment":[{"href":"https:\/\/www.life-systeme.com\/es\/wp-json\/wp\/v2\/media?parent=1409"}],"curies":[{"name":"wp","href":"https:\/\/api.w.org\/{rel}","templated":true}]}}