{"id":1387,"date":"2023-05-25T10:42:07","date_gmt":"2023-05-25T08:42:07","guid":{"rendered":"https:\/\/www.life-systeme.com\/inscripcion-a-la-carta\/"},"modified":"2023-07-06T10:50:26","modified_gmt":"2023-07-06T08:50:26","slug":"inscripcion-a-la-carta","status":"publish","type":"page","link":"https:\/\/www.life-systeme.com\/es\/inscripcion-a-la-carta\/","title":{"rendered":"Inscripci\u00f3n a la carta"},"content":{"rendered":"","protected":false},"excerpt":{"rendered":"","protected":false},"author":1,"featured_media":0,"parent":0,"menu_order":0,"comment_status":"closed","ping_status":"closed","template":"","meta":{"footnotes":""},"class_list":["post-1387","page","type-page","status-publish","hentry"],"jetpack-related-posts":[{"id":1386,"url":"https:\/\/www.life-systeme.com\/it\/registrazione-a-la-carte\/","url_meta":{"origin":1387,"position":0},"title":"Registrazione \u00e0 la carte","author":"Christophe","date":"25 mayo 2023","format":false,"excerpt":"","rel":"","context":"Entrada similar","block_context":{"text":"Entrada similar","link":""},"img":{"alt_text":"","src":"","width":0,"height":0},"classes":[]},{"id":2881,"url":"https:\/\/www.life-systeme.com\/acces-a-la-carte-geographique\/","url_meta":{"origin":1387,"position":1},"title":"Acc\u00e8s \u00e0 la carte g\u00e9ographique","author":"Christophe","date":"19 febrero 2025","format":false,"excerpt":"","rel":"","context":"Entrada similar","block_context":{"text":"Entrada similar","link":""},"img":{"alt_text":"","src":"","width":0,"height":0},"classes":[]},{"id":757,"url":"https:\/\/www.life-systeme.com\/inscription-carte-professionnels-bioresonance\/","url_meta":{"origin":1387,"position":2},"title":"Inscription \u00e0 la carte","author":"Christophe","date":"25 mayo 2023","format":false,"excerpt":"","rel":"","context":"Entrada similar","block_context":{"text":"Entrada similar","link":""},"img":{"alt_text":"","src":"","width":0,"height":0},"classes":[]},{"id":732,"url":"https:\/\/www.life-systeme.com\/map\/","url_meta":{"origin":1387,"position":3},"title":"Carte des praticiens \/ distributeurs LIFE-System","author":"Christophe","date":"24 mayo 2023","format":false,"excerpt":"","rel":"","context":"Entrada similar","block_context":{"text":"Entrada similar","link":""},"img":{"alt_text":"praticien en bior\u00e9sonance","src":"https:\/\/i0.wp.com\/www.life-systeme.com\/wp-content\/uploads\/2023\/05\/Carte-professionnel-bioresonance.webp?resize=350%2C200&ssl=1","width":350,"height":200,"srcset":"https:\/\/i0.wp.com\/www.life-systeme.com\/wp-content\/uploads\/2023\/05\/Carte-professionnel-bioresonance.webp?resize=350%2C200&ssl=1 1x, https:\/\/i0.wp.com\/www.life-systeme.com\/wp-content\/uploads\/2023\/05\/Carte-professionnel-bioresonance.webp?resize=525%2C300&ssl=1 1.5x, https:\/\/i0.wp.com\/www.life-systeme.com\/wp-content\/uploads\/2023\/05\/Carte-professionnel-bioresonance.webp?resize=700%2C400&ssl=1 2x"},"classes":[]},{"id":1269,"url":"https:\/\/www.life-systeme.com\/evenement-a-venir-quantaform\/","url_meta":{"origin":1387,"position":4},"title":"\u00c9v\u00e9nements \u00e0 venir","author":"Christophe","date":"23 junio 2023","format":false,"excerpt":"","rel":"","context":"Entrada similar","block_context":{"text":"Entrada similar","link":""},"img":{"alt_text":"","src":"","width":0,"height":0},"classes":[]},{"id":1221,"url":"https:\/\/www.life-systeme.com\/en\/demonstration-of-a-bioresonance-session-with-the-life-system\/","url_meta":{"origin":1387,"position":5},"title":"Demonstration of a bioresonance session with the LIFE-System","author":"Christophe","date":"21 junio 2023","format":false,"excerpt":"","rel":"","context":"Entrada similar","block_context":{"text":"Entrada similar","link":""},"img":{"alt_text":"","src":"","width":0,"height":0},"classes":[]}],"jetpack_sharing_enabled":true,"_links":{"self":[{"href":"https:\/\/www.life-systeme.com\/es\/wp-json\/wp\/v2\/pages\/1387","targetHints":{"allow":["GET"]}}],"collection":[{"href":"https:\/\/www.life-systeme.com\/es\/wp-json\/wp\/v2\/pages"}],"about":[{"href":"https:\/\/www.life-systeme.com\/es\/wp-json\/wp\/v2\/types\/page"}],"author":[{"embeddable":true,"href":"https:\/\/www.life-systeme.com\/es\/wp-json\/wp\/v2\/users\/1"}],"replies":[{"embeddable":true,"href":"https:\/\/www.life-systeme.com\/es\/wp-json\/wp\/v2\/comments?post=1387"}],"version-history":[{"count":1,"href":"https:\/\/www.life-systeme.com\/es\/wp-json\/wp\/v2\/pages\/1387\/revisions"}],"predecessor-version":[{"id":1525,"href":"https:\/\/www.life-systeme.com\/es\/wp-json\/wp\/v2\/pages\/1387\/revisions\/1525"}],"wp:attachment":[{"href":"https:\/\/www.life-systeme.com\/es\/wp-json\/wp\/v2\/media?parent=1387"}],"curies":[{"name":"wp","href":"https:\/\/api.w.org\/{rel}","templated":true}]}}