{"id":716,"date":"2022-10-18T10:54:33","date_gmt":"2022-10-18T08:54:33","guid":{"rendered":"http:\/\/www.life-systeme.com\/index.php\/life-system\/"},"modified":"2023-07-28T10:47:55","modified_gmt":"2023-07-28T08:47:55","slug":"life-system","status":"publish","type":"page","link":"https:\/\/www.life-systeme.com\/en\/life-system\/","title":{"rendered":"LIFE-System"},"content":{"rendered":"","protected":false},"excerpt":{"rendered":"<p>The LIFE System performs a biofeedback test by analyzing over 8,000 bio-fingerprint parameters.<br \/>\nIt provides a comprehensive test result that can detect even the smallest factors that can disturb the body&#8217;s natural balance.<\/p>\n","protected":false},"author":1,"featured_media":506,"parent":0,"menu_order":0,"comment_status":"open","ping_status":"closed","template":"","meta":{"footnotes":""},"class_list":["post-716","page","type-page","status-publish","has-post-thumbnail","hentry"],"jetpack-related-posts":[{"id":1221,"url":"https:\/\/www.life-systeme.com\/en\/demonstration-of-a-bioresonance-session-with-the-life-system\/","url_meta":{"origin":716,"position":0},"title":"Demonstration of a bioresonance session with the LIFE-System","author":"Christophe","date":"21 June 2023","format":false,"excerpt":"","rel":"","context":"Similar post","block_context":{"text":"Similar post","link":""},"img":{"alt_text":"","src":"","width":0,"height":0},"classes":[]},{"id":15,"url":"https:\/\/www.life-systeme.com\/life-system-2\/","url_meta":{"origin":716,"position":1},"title":"LIFE-System","author":"Christophe","date":"18 October 2022","format":false,"excerpt":"Le LIFE System effectue un test de biofeedback en analysant plus de 8000 param\u00e8tres de bio-empreintes. Il fournit un r\u00e9sultat de test complet permettant de d\u00e9tecter m\u00eame les facteurs les plus infimes pouvant perturber l'\u00e9quilibre naturel du corps.","rel":"","context":"Similar post","block_context":{"text":"Similar post","link":""},"img":{"alt_text":"Obtenir un pr\u00e9cieux bilan \u00e9nerg\u00e9tique avec l\u2019appareil de bior\u00e9sonance\/biofeedback LIFE System qui effectue ainsi un test de bior\u00e9sonance et biofeedback en analysant plus de 8000 param\u00e8tres de bio-empreintes. LIFE System (appareil de bio technologie) fournit un r\u00e9sultat de test complet permettant de d\u00e9tecter m\u00eame les facteurs les plus infimes pouvant perturber l'\u00e9quilibre naturel du corps.","src":"https:\/\/i0.wp.com\/www.life-systeme.com\/wp-content\/uploads\/2023\/05\/Life-system-bioresonance-1.webp?resize=350%2C200&ssl=1","width":350,"height":200,"srcset":"https:\/\/i0.wp.com\/www.life-systeme.com\/wp-content\/uploads\/2023\/05\/Life-system-bioresonance-1.webp?resize=350%2C200&ssl=1 1x, https:\/\/i0.wp.com\/www.life-systeme.com\/wp-content\/uploads\/2023\/05\/Life-system-bioresonance-1.webp?resize=525%2C300&ssl=1 1.5x, https:\/\/i0.wp.com\/www.life-systeme.com\/wp-content\/uploads\/2023\/05\/Life-system-bioresonance-1.webp?resize=700%2C400&ssl=1 2x"},"classes":[]},{"id":717,"url":"https:\/\/www.life-systeme.com\/it\/sistema-life\/","url_meta":{"origin":716,"position":2},"title":"Sistema LIFE","author":"Christophe","date":"18 October 2022","format":false,"excerpt":"Il sistema LIFE esegue un test di biofeedback analizzando oltre 8.000 parametri dell'impronta digitale. Fornisce un risultato completo in grado di rilevare anche i pi\u00f9 piccoli fattori che possono alterare l'equilibrio naturale dell'organismo.","rel":"","context":"Similar post","block_context":{"text":"Similar post","link":""},"img":{"alt_text":"Appareil de bior\u00e9sonance LIFE System","src":"https:\/\/i0.wp.com\/www.life-systeme.com\/wp-content\/uploads\/2023\/05\/Life-system-bioresonance-1.webp?resize=350%2C200&ssl=1","width":350,"height":200,"srcset":"https:\/\/i0.wp.com\/www.life-systeme.com\/wp-content\/uploads\/2023\/05\/Life-system-bioresonance-1.webp?resize=350%2C200&ssl=1 1x, https:\/\/i0.wp.com\/www.life-systeme.com\/wp-content\/uploads\/2023\/05\/Life-system-bioresonance-1.webp?resize=525%2C300&ssl=1 1.5x, https:\/\/i0.wp.com\/www.life-systeme.com\/wp-content\/uploads\/2023\/05\/Life-system-bioresonance-1.webp?resize=700%2C400&ssl=1 2x"},"classes":[]},{"id":1419,"url":"https:\/\/www.life-systeme.com\/privacy-policy\/","url_meta":{"origin":716,"position":3},"title":"Privacy Policy","author":"Christophe","date":"10 May 2023","format":false,"excerpt":"About us\u00a0 Our website address is: http:\/\/www.life-systeme.com. Comments When you leave a comment on our site, the data entered in the comment form, as well as your IP address and your browser's user agent, are collected to help us detect undesirable comments. An anonymized string created from your email address\u2026","rel":"","context":"Similar post","block_context":{"text":"Similar post","link":""},"img":{"alt_text":"","src":"","width":0,"height":0},"classes":[]},{"id":1421,"url":"https:\/\/www.life-systeme.com\/en\/privacy-policy\/","url_meta":{"origin":716,"position":4},"title":"Privacy Policy","author":"Christophe","date":"10 May 2023","format":false,"excerpt":"About us\u00a0 Our website address is: http:\/\/www.life-systeme.com. Comments When you leave a comment on our site, the data entered in the comment form, as well as your IP address and your browser's user agent, are collected to help us detect undesirable comments. An anonymized string created from your email address\u2026","rel":"","context":"Similar post","block_context":{"text":"Similar post","link":""},"img":{"alt_text":"","src":"","width":0,"height":0},"classes":[]},{"id":703,"url":"https:\/\/www.life-systeme.com\/en\/example-page\/","url_meta":{"origin":716,"position":5},"title":"Example page","author":"Christophe","date":"10 May 2023","format":false,"excerpt":"This is a sample page. This is different from a blog post because it will stay in the same place and appear in your site navigation (in most themes). Most people start with an \"About\" page that introduces them to people visiting the site. It might look something like this:\u2026","rel":"","context":"Similar post","block_context":{"text":"Similar post","link":""},"img":{"alt_text":"","src":"","width":0,"height":0},"classes":[]}],"jetpack_sharing_enabled":true,"_links":{"self":[{"href":"https:\/\/www.life-systeme.com\/en\/wp-json\/wp\/v2\/pages\/716","targetHints":{"allow":["GET"]}}],"collection":[{"href":"https:\/\/www.life-systeme.com\/en\/wp-json\/wp\/v2\/pages"}],"about":[{"href":"https:\/\/www.life-systeme.com\/en\/wp-json\/wp\/v2\/types\/page"}],"author":[{"embeddable":true,"href":"https:\/\/www.life-systeme.com\/en\/wp-json\/wp\/v2\/users\/1"}],"replies":[{"embeddable":true,"href":"https:\/\/www.life-systeme.com\/en\/wp-json\/wp\/v2\/comments?post=716"}],"version-history":[{"count":1,"href":"https:\/\/www.life-systeme.com\/en\/wp-json\/wp\/v2\/pages\/716\/revisions"}],"predecessor-version":[{"id":1346,"href":"https:\/\/www.life-systeme.com\/en\/wp-json\/wp\/v2\/pages\/716\/revisions\/1346"}],"wp:featuredmedia":[{"embeddable":true,"href":"https:\/\/www.life-systeme.com\/en\/wp-json\/wp\/v2\/media\/506"}],"wp:attachment":[{"href":"https:\/\/www.life-systeme.com\/en\/wp-json\/wp\/v2\/media?parent=716"}],"curies":[{"name":"wp","href":"https:\/\/api.w.org\/{rel}","templated":true}]}}