{"id":1425,"date":"2023-06-08T15:57:25","date_gmt":"2023-06-08T13:57:25","guid":{"rendered":"https:\/\/www.life-systeme.com\/what-is-bioresonance\/"},"modified":"2023-06-08T15:57:25","modified_gmt":"2023-06-08T13:57:25","slug":"what-is-bioresonance","status":"publish","type":"page","link":"https:\/\/www.life-systeme.com\/en\/what-is-bioresonance\/","title":{"rendered":"What is bioresonance?"},"content":{"rendered":"","protected":false},"excerpt":{"rendered":"<p>Bioresonance is a method of analyzing and emitting the body&#8217;s electromagnetic vibrations to rebalance physical and emotional disorders.  <\/p>\n","protected":false},"author":1,"featured_media":1003,"parent":0,"menu_order":0,"comment_status":"closed","ping_status":"closed","template":"","meta":{"footnotes":""},"class_list":["post-1425","page","type-page","status-publish","has-post-thumbnail","hentry"],"jetpack-related-posts":[{"id":1967,"url":"https:\/\/www.life-systeme.com\/en\/is-bioresonance-safe-fact-or-fiction\/","url_meta":{"origin":1425,"position":0},"title":"Is bioresonance safe? fact or fiction","author":"Christophe","date":"15 June 2023","format":false,"excerpt":"","rel":"","context":"Similar post","block_context":{"text":"Similar post","link":""},"img":{"alt_text":"danger et bior\u00e9sonance","src":"https:\/\/i0.wp.com\/www.life-systeme.com\/wp-content\/uploads\/2023\/06\/Bioresonance-danger.jpg?resize=350%2C200&ssl=1","width":350,"height":200},"classes":[]},{"id":1497,"url":"https:\/\/www.life-systeme.com\/en\/bioresonance-and-plants\/","url_meta":{"origin":1425,"position":1},"title":"Bioresonance and plants","author":"Christophe","date":"8 June 2023","format":false,"excerpt":"","rel":"","context":"Similar post","block_context":{"text":"Similar post","link":""},"img":{"alt_text":"","src":"","width":0,"height":0},"classes":[]},{"id":1505,"url":"https:\/\/www.life-systeme.com\/en\/bioresonance-and-beauty\/","url_meta":{"origin":1425,"position":2},"title":"Bioresonance and beauty","author":"Christophe","date":"1 June 2023","format":false,"excerpt":"","rel":"","context":"Similar post","block_context":{"text":"Similar post","link":""},"img":{"alt_text":"","src":"","width":0,"height":0},"classes":[]},{"id":1508,"url":"https:\/\/www.life-systeme.com\/en\/sport-and-bioresonance\/","url_meta":{"origin":1425,"position":3},"title":"Sport and bioresonance","author":"Christophe","date":"30 May 2023","format":false,"excerpt":"","rel":"","context":"Similar post","block_context":{"text":"Similar post","link":""},"img":{"alt_text":"","src":"","width":0,"height":0},"classes":[]},{"id":1001,"url":"https:\/\/www.life-systeme.com\/bioresonance\/","url_meta":{"origin":1425,"position":4},"title":"Bior\u00e9sonance : Qu&#8217;est-ce que c&#8217;est ?","author":"Christophe","date":"8 June 2023","format":false,"excerpt":"La bior\u00e9sonance est une m\u00e9thode qui consiste \u00e0 analyser et \u00e9mettre des vibrations \u00e9lectromagn\u00e9tiques du corps pour r\u00e9\u00e9quilibrer les troubles physiques et \u00e9motionnels.","rel":"","context":"Similar post","block_context":{"text":"Similar post","link":""},"img":{"alt_text":"bior\u00e9sonance quantique","src":"https:\/\/i0.wp.com\/www.life-systeme.com\/wp-content\/uploads\/2023\/06\/bioresonance-atom.jpg?resize=350%2C200&ssl=1","width":350,"height":200,"srcset":"https:\/\/i0.wp.com\/www.life-systeme.com\/wp-content\/uploads\/2023\/06\/bioresonance-atom.jpg?resize=350%2C200&ssl=1 1x, https:\/\/i0.wp.com\/www.life-systeme.com\/wp-content\/uploads\/2023\/06\/bioresonance-atom.jpg?resize=525%2C300&ssl=1 1.5x, https:\/\/i0.wp.com\/www.life-systeme.com\/wp-content\/uploads\/2023\/06\/bioresonance-atom.jpg?resize=700%2C400&ssl=1 2x, https:\/\/i0.wp.com\/www.life-systeme.com\/wp-content\/uploads\/2023\/06\/bioresonance-atom.jpg?resize=1050%2C600&ssl=1 3x"},"classes":[]},{"id":1153,"url":"https:\/\/www.life-systeme.com\/bioresonance-danger\/","url_meta":{"origin":1425,"position":5},"title":"La bior\u00e9sonance est sans danger\u00a0? info ou intox","author":"Christophe","date":"15 June 2023","format":false,"excerpt":"","rel":"","context":"Similar post","block_context":{"text":"Similar post","link":""},"img":{"alt_text":"danger et bior\u00e9sonance","src":"https:\/\/i0.wp.com\/www.life-systeme.com\/wp-content\/uploads\/2023\/06\/Bioresonance-danger.jpg?resize=350%2C200&ssl=1","width":350,"height":200},"classes":[]}],"jetpack_sharing_enabled":true,"_links":{"self":[{"href":"https:\/\/www.life-systeme.com\/en\/wp-json\/wp\/v2\/pages\/1425","targetHints":{"allow":["GET"]}}],"collection":[{"href":"https:\/\/www.life-systeme.com\/en\/wp-json\/wp\/v2\/pages"}],"about":[{"href":"https:\/\/www.life-systeme.com\/en\/wp-json\/wp\/v2\/types\/page"}],"author":[{"embeddable":true,"href":"https:\/\/www.life-systeme.com\/en\/wp-json\/wp\/v2\/users\/1"}],"replies":[{"embeddable":true,"href":"https:\/\/www.life-systeme.com\/en\/wp-json\/wp\/v2\/comments?post=1425"}],"version-history":[{"count":0,"href":"https:\/\/www.life-systeme.com\/en\/wp-json\/wp\/v2\/pages\/1425\/revisions"}],"wp:featuredmedia":[{"embeddable":true,"href":"https:\/\/www.life-systeme.com\/en\/wp-json\/wp\/v2\/media\/1003"}],"wp:attachment":[{"href":"https:\/\/www.life-systeme.com\/en\/wp-json\/wp\/v2\/media?parent=1425"}],"curies":[{"name":"wp","href":"https:\/\/api.w.org\/{rel}","templated":true}]}}