{"id":1421,"date":"2023-05-10T12:38:28","date_gmt":"2023-05-10T10:38:28","guid":{"rendered":"https:\/\/www.life-systeme.com\/privacy-policy\/"},"modified":"2023-05-10T12:38:28","modified_gmt":"2023-05-10T10:38:28","slug":"privacy-policy","status":"publish","type":"page","link":"https:\/\/www.life-systeme.com\/en\/privacy-policy\/","title":{"rendered":"Privacy Policy"},"content":{"rendered":"\n<h3 class=\"wp-block-heading\">About us&nbsp;<\/h3>\n\n\n\n<p>Our website address is: http:\/\/www.life-systeme.com.<\/p>\n\n\n\n<h3 class=\"wp-block-heading\">Comments<\/h3>\n\n\n\n<p>When you leave a comment on our site, the data entered in the comment form, as well as your IP address and your browser&#8217;s user agent, are collected to help us detect undesirable comments.<\/p>\n\n\n\n<p>An anonymized string created from your email address (also called a hash) can be sent to the Gravatar service to verify that you are using it. The Gravatar privacy policy is available here&nbsp;: https:\/\/automattic.com\/privacy\/. Once your comment has been validated, your profile photo will be publicly visible next to your comment.<\/p>\n\n\n\n<h3 class=\"wp-block-heading\">Media<\/h3>\n\n\n\n<p>If you upload images to the site, we advise you to avoid uploading images containing EXIF data of GPS coordinates. People visiting your site can download and extract location data from these images.<\/p>\n\n\n\n<h3 class=\"wp-block-heading\">Cookies<\/h3>\n\n\n\n<p>If you leave a comment on our site, you will be asked to save your name, e-mail address and site in cookies. This is only for your convenience so you don&#8217;t have to enter this information if you leave another comment later. These cookies expire after one year.<\/p>\n\n\n\n<p>If you go to the login page, a temporary cookie will be set to determine if your browser accepts cookies. It does not contain any personal data and will be deleted automatically when you close your browser.<\/p>\n\n\n\n<p>When you log in, we will set a number of cookies to store your login information and screen preferences. The lifetime of a connection cookie is two days, that of a screen option cookie is one year. If you check &#8221;&nbsp;Remember me&nbsp;&#8220;, your connection cookie will be stored for two weeks. If you log out of your account, the login cookie will be deleted.<\/p>\n\n\n\n<p>By editing or publishing a publication, an additional cookie will be stored in your browser. This cookie does not include any personal data. It simply indicates the ID of the publication you just modified. It expires after one day.<\/p>\n\n\n\n<h3 class=\"wp-block-heading\">Embedded content from other sites<\/h3>\n\n\n\n<p>Articles on this site may include embedded content (e.g. videos, images, articles&#8230;). Content embedded from other sites behaves in the same way as if the visitor were on that other site.<\/p>\n\n\n\n<p>These websites may collect data about you, use cookies, embed third-party tracking tools, track your interactions with these embedded contents if you have an account logged on their website.<\/p>\n\n\n\n<h3 class=\"wp-block-heading\">Use and transmission of your personal data<\/h3>\n\n\n\n<p>If you request a password reset, your IP address will be included in the reset email.<\/p>\n\n\n\n<h3 class=\"wp-block-heading\">How long your data is stored<\/h3>\n\n\n\n<p>If you leave a comment, the comment and its metadata are kept indefinitely. This will automatically recognize and approve subsequent comments instead of leaving them in the moderation queue.<\/p>\n\n\n\n<p>For accounts that register on our site (if any), we also store the personal data specified in their profile. All accounts can view, edit or delete their personal information at any time (with the exception of their login). Site managers can also view and modify this information.<\/p>\n\n\n\n<h3 class=\"wp-block-heading\">The rights you have over your data<\/h3>\n\n\n\n<p>If you have an account or have left comments on the site, you may request to receive a file containing all the personal data we have about you, including the data you have provided to us. You can also request the deletion of your personal data. This does not take into account data stored for administrative, legal or security purposes.<\/p>\n\n\n\n<h3 class=\"wp-block-heading\">Transmission of your personal data<\/h3>\n\n\n\n<p>Visitor comments can be checked with an automated comment detection service.<\/p>\n","protected":false},"excerpt":{"rendered":"<p>About us&nbsp; Our website address is: http:\/\/www.life-systeme.com. Comments When you leave a comment on our site, the data entered in the comment form, as well as<span class=\"excerpt-hellip\"> [\u2026]<\/span><\/p>\n","protected":false},"author":1,"featured_media":0,"parent":0,"menu_order":0,"comment_status":"closed","ping_status":"open","template":"","meta":{"footnotes":""},"class_list":["post-1421","page","type-page","status-publish","hentry"],"jetpack-related-posts":[{"id":1419,"url":"https:\/\/www.life-systeme.com\/privacy-policy\/","url_meta":{"origin":1421,"position":0},"title":"Privacy Policy","author":"Christophe","date":"10 May 2023","format":false,"excerpt":"About us\u00a0 Our website address is: http:\/\/www.life-systeme.com. Comments When you leave a comment on our site, the data entered in the comment form, as well as your IP address and your browser's user agent, are collected to help us detect undesirable comments. An anonymized string created from your email address\u2026","rel":"","context":"Similar post","block_context":{"text":"Similar post","link":""},"img":{"alt_text":"","src":"","width":0,"height":0},"classes":[]},{"id":703,"url":"https:\/\/www.life-systeme.com\/en\/example-page\/","url_meta":{"origin":1421,"position":1},"title":"Example page","author":"Christophe","date":"10 May 2023","format":false,"excerpt":"This is a sample page. This is different from a blog post because it will stay in the same place and appear in your site navigation (in most themes). Most people start with an \"About\" page that introduces them to people visiting the site. It might look something like this:\u2026","rel":"","context":"Similar post","block_context":{"text":"Similar post","link":""},"img":{"alt_text":"","src":"","width":0,"height":0},"classes":[]},{"id":1418,"url":"https:\/\/www.life-systeme.com\/it\/informativa-sulla-privacy\/","url_meta":{"origin":1421,"position":2},"title":"Informativa sulla privacy","author":"Christophe","date":"10 May 2023","format":false,"excerpt":"Chi siamo\u00a0? L'indirizzo del nostro sito web \u00e8: http:\/\/www.life-systeme.com. Commenti Quando lasciate un commento sul nostro sito, i dati inseriti nel modulo di commento, cos\u00ec come il vostro indirizzo IP e l'user agent del vostro browser, vengono raccolti per aiutarci a individuare i commenti indesiderati. Una stringa anonima creata a\u2026","rel":"","context":"Similar post","block_context":{"text":"Similar post","link":""},"img":{"alt_text":"","src":"","width":0,"height":0},"classes":[]},{"id":1425,"url":"https:\/\/www.life-systeme.com\/en\/what-is-bioresonance\/","url_meta":{"origin":1421,"position":3},"title":"What is bioresonance?","author":"Christophe","date":"8 June 2023","format":false,"excerpt":"Bioresonance is a method of analyzing and emitting the body's electromagnetic vibrations to rebalance physical and emotional disorders.","rel":"","context":"Similar post","block_context":{"text":"Similar post","link":""},"img":{"alt_text":"bior\u00e9sonance quantique","src":"https:\/\/i0.wp.com\/www.life-systeme.com\/wp-content\/uploads\/2023\/06\/bioresonance-atom.jpg?resize=350%2C200&ssl=1","width":350,"height":200,"srcset":"https:\/\/i0.wp.com\/www.life-systeme.com\/wp-content\/uploads\/2023\/06\/bioresonance-atom.jpg?resize=350%2C200&ssl=1 1x, https:\/\/i0.wp.com\/www.life-systeme.com\/wp-content\/uploads\/2023\/06\/bioresonance-atom.jpg?resize=525%2C300&ssl=1 1.5x, https:\/\/i0.wp.com\/www.life-systeme.com\/wp-content\/uploads\/2023\/06\/bioresonance-atom.jpg?resize=700%2C400&ssl=1 2x, https:\/\/i0.wp.com\/www.life-systeme.com\/wp-content\/uploads\/2023\/06\/bioresonance-atom.jpg?resize=1050%2C600&ssl=1 3x"},"classes":[]},{"id":1969,"url":"https:\/\/www.life-systeme.com\/en\/professional-retraining\/","url_meta":{"origin":1421,"position":4},"title":"Professional retraining","author":"Christophe","date":"9 June 2023","format":false,"excerpt":"Get your future off the ground with a professional retraining in a booming business: BIORESONANCE.","rel":"","context":"Similar post","block_context":{"text":"Similar post","link":""},"img":{"alt_text":"","src":"","width":0,"height":0},"classes":[]},{"id":3,"url":"https:\/\/www.life-systeme.com\/politique-de-confidentialite\/","url_meta":{"origin":1421,"position":5},"title":"Politique de confidentialit\u00e9","author":"Christophe","date":"10 May 2023","format":false,"excerpt":"Qui sommes-nous\u00a0? L\u2019adresse de notre site est\u00a0: http:\/\/www.life-systeme.com. Commentaires Quand vous laissez un commentaire sur notre site, les donn\u00e9es inscrites dans le formulaire de commentaire, ainsi que votre adresse IP et l\u2019agent utilisateur de votre navigateur sont collect\u00e9s pour nous aider \u00e0 la d\u00e9tection des commentaires ind\u00e9sirables. Une cha\u00eene anonymis\u00e9e\u2026","rel":"","context":"Similar post","block_context":{"text":"Similar post","link":""},"img":{"alt_text":"","src":"","width":0,"height":0},"classes":[]}],"jetpack_sharing_enabled":true,"_links":{"self":[{"href":"https:\/\/www.life-systeme.com\/en\/wp-json\/wp\/v2\/pages\/1421","targetHints":{"allow":["GET"]}}],"collection":[{"href":"https:\/\/www.life-systeme.com\/en\/wp-json\/wp\/v2\/pages"}],"about":[{"href":"https:\/\/www.life-systeme.com\/en\/wp-json\/wp\/v2\/types\/page"}],"author":[{"embeddable":true,"href":"https:\/\/www.life-systeme.com\/en\/wp-json\/wp\/v2\/users\/1"}],"replies":[{"embeddable":true,"href":"https:\/\/www.life-systeme.com\/en\/wp-json\/wp\/v2\/comments?post=1421"}],"version-history":[{"count":0,"href":"https:\/\/www.life-systeme.com\/en\/wp-json\/wp\/v2\/pages\/1421\/revisions"}],"wp:attachment":[{"href":"https:\/\/www.life-systeme.com\/en\/wp-json\/wp\/v2\/media?parent=1421"}],"curies":[{"name":"wp","href":"https:\/\/api.w.org\/{rel}","templated":true}]}}